{"id":46768,"date":"2022-09-08T11:34:38","date_gmt":"2022-09-08T11:34:38","guid":{"rendered":"https:\/\/natureviews.es\/dziekujemy\/"},"modified":"2025-09-12T08:55:17","modified_gmt":"2025-09-12T08:55:17","slug":"dziekujemy","status":"publish","type":"page","link":"https:\/\/natureviews.es\/pl\/dziekujemy\/","title":{"rendered":"Dzi\u0119kujemy"},"content":{"rendered":"\t\t<div data-elementor-type=\"wp-page\" data-elementor-id=\"46768\" class=\"elementor elementor-46768 elementor-224\" data-elementor-post-type=\"page\">\n\t\t\t\t\t\t<section class=\"elementor-section elementor-top-section elementor-element elementor-element-204c89d elementor-section-height-min-height elementor-section-content-middle elementor-section-boxed elementor-section-height-default elementor-section-items-middle wpr-particle-no wpr-jarallax-no wpr-parallax-no wpr-sticky-section-no\" data-id=\"204c89d\" data-element_type=\"section\" data-e-type=\"section\" data-settings=\"{&quot;background_background&quot;:&quot;classic&quot;}\">\n\t\t\t\t\t\t<div class=\"elementor-container elementor-column-gap-default\">\n\t\t\t\t\t<div class=\"elementor-column elementor-col-100 elementor-top-column elementor-element elementor-element-c56e081\" data-id=\"c56e081\" data-element_type=\"column\" data-e-type=\"column\">\n\t\t\t<div class=\"elementor-widget-wrap elementor-element-populated\">\n\t\t\t\t\t\t<div class=\"elementor-element elementor-element-185e87e elementor-widget elementor-widget-image\" data-id=\"185e87e\" data-element_type=\"widget\" data-e-type=\"widget\" data-widget_type=\"image.default\">\n\t\t\t\t<div class=\"elementor-widget-container\">\n\t\t\t\t\t\t\t\t\t\t\t\t\t\t\t<img decoding=\"async\" width=\"170\" height=\"250\" src=\"https:\/\/natureviews.es\/wp-content\/uploads\/2022\/09\/Nature-Views-Logo.png\" class=\"attachment-large size-large wp-image-46766\" alt=\"\" \/>\t\t\t\t\t\t\t\t\t\t\t\t\t\t\t<\/div>\n\t\t\t\t<\/div>\n\t\t\t\t<div class=\"elementor-element elementor-element-f7e4b90 elementor-widget elementor-widget-heading\" data-id=\"f7e4b90\" data-element_type=\"widget\" data-e-type=\"widget\" data-widget_type=\"heading.default\">\n\t\t\t\t<div class=\"elementor-widget-container\">\n\t\t\t\t\t<h2 class=\"elementor-heading-title elementor-size-default\">Dzi\u0119kujemy za wiadomo\u015b\u0107. Odpowiemy Pa\u0144stwu tak szybko, jak to mo\u017cliwe. <\/h2>\t\t\t\t<\/div>\n\t\t\t\t<\/div>\n\t\t\t\t\t<\/div>\n\t\t<\/div>\n\t\t\t\t\t<\/div>\n\t\t<\/section>\n\t\t\t\t<\/div>\n\t\t","protected":false},"excerpt":{"rendered":"<p>Dzi\u0119kujemy za wiadomo\u015b\u0107. Odpowiemy Pa\u0144stwu tak szybko, jak to mo\u017cliwe.<\/p>\n","protected":false},"author":1,"featured_media":0,"parent":0,"menu_order":0,"comment_status":"closed","ping_status":"closed","template":"","meta":{"footnotes":""},"class_list":["post-46768","page","type-page","status-publish","hentry"],"_links":{"self":[{"href":"https:\/\/natureviews.es\/pl\/wp-json\/wp\/v2\/pages\/46768","targetHints":{"allow":["GET"]}}],"collection":[{"href":"https:\/\/natureviews.es\/pl\/wp-json\/wp\/v2\/pages"}],"about":[{"href":"https:\/\/natureviews.es\/pl\/wp-json\/wp\/v2\/types\/page"}],"author":[{"embeddable":true,"href":"https:\/\/natureviews.es\/pl\/wp-json\/wp\/v2\/users\/1"}],"replies":[{"embeddable":true,"href":"https:\/\/natureviews.es\/pl\/wp-json\/wp\/v2\/comments?post=46768"}],"version-history":[{"count":1,"href":"https:\/\/natureviews.es\/pl\/wp-json\/wp\/v2\/pages\/46768\/revisions"}],"predecessor-version":[{"id":46769,"href":"https:\/\/natureviews.es\/pl\/wp-json\/wp\/v2\/pages\/46768\/revisions\/46769"}],"wp:attachment":[{"href":"https:\/\/natureviews.es\/pl\/wp-json\/wp\/v2\/media?parent=46768"}],"curies":[{"name":"wp","href":"https:\/\/api.w.org\/{rel}","templated":true}]}}